{"id":1342,"date":"2018-10-25T12:28:06","date_gmt":"2018-10-25T10:28:06","guid":{"rendered":"https:\/\/lapinrotko.fi\/opiskelijakunta-materiaalipankki-logot\/"},"modified":"2018-10-25T12:28:06","modified_gmt":"2018-10-25T10:28:06","slug":"opiskelijakunta-materiaalipankki-logot","status":"publish","type":"page","link":"https:\/\/lapinrotko.fi\/en\/studentunion\/materials\/opiskelijakunta-materiaalipankki-logot\/","title":{"rendered":"Logot"},"content":{"rendered":"<div id=\"cs-content\" class=\"cs-content\"><\/div>\n","protected":false},"excerpt":{"rendered":"<p>ROTKO-logo v\u00e4rillinen ROTKO-logo musta-valkoinen ROTKO-logon poronp\u00e4\u00e4<\/p>\n","protected":false},"author":4,"featured_media":0,"parent":5460,"menu_order":0,"comment_status":"closed","ping_status":"closed","template":"","meta":{"_acf_changed":false,"footnotes":"","_wp_rev_ctl_limit":""},"class_list":["post-1342","page","type-page","status-publish","hentry","no-post-thumbnail"],"acf":[],"_links":{"self":[{"href":"https:\/\/lapinrotko.fi\/en\/wp-json\/wp\/v2\/pages\/1342","targetHints":{"allow":["GET"]}}],"collection":[{"href":"https:\/\/lapinrotko.fi\/en\/wp-json\/wp\/v2\/pages"}],"about":[{"href":"https:\/\/lapinrotko.fi\/en\/wp-json\/wp\/v2\/types\/page"}],"author":[{"embeddable":true,"href":"https:\/\/lapinrotko.fi\/en\/wp-json\/wp\/v2\/users\/4"}],"replies":[{"embeddable":true,"href":"https:\/\/lapinrotko.fi\/en\/wp-json\/wp\/v2\/comments?post=1342"}],"version-history":[{"count":0,"href":"https:\/\/lapinrotko.fi\/en\/wp-json\/wp\/v2\/pages\/1342\/revisions"}],"up":[{"embeddable":true,"href":"https:\/\/lapinrotko.fi\/en\/wp-json\/wp\/v2\/pages\/5460"}],"wp:attachment":[{"href":"https:\/\/lapinrotko.fi\/en\/wp-json\/wp\/v2\/media?parent=1342"}],"curies":[{"name":"wp","href":"https:\/\/api.w.org\/{rel}","templated":true}]}}